{"id":237104,"date":"2022-09-22T19:57:16","date_gmt":"2022-09-22T19:57:16","guid":{"rendered":"https:\/\/agenciaconver.com.br\/ilustrograma\/work-with-us\/"},"modified":"2022-11-07T15:45:24","modified_gmt":"2022-11-07T15:45:24","slug":"work-with-us","status":"publish","type":"page","link":"https:\/\/www.ilustrograma.com.br\/en\/work-with-us\/","title":{"rendered":"Work With Us"},"content":{"rendered":"<p>[et_pb_section fb_built=&#8221;1&#8243; _builder_version=&#8221;4.18.0&#8243; _module_preset=&#8221;default&#8221; background_image=&#8221;https:\/\/ilustrograma.com.br\/wp-content\/uploads\/2022\/09\/bg-trabalhe-conosco.jpg&#8221; background_size=&#8221;custom&#8221; background_image_width=&#8221;25%&#8221; background_position=&#8221;bottom_left&#8221; background_vertical_offset=&#8221;10%&#8221; custom_padding=&#8221;54px||98px|||&#8221; global_colors_info=&#8221;{}&#8221;][et_pb_row _builder_version=&#8221;4.18.0&#8243; _module_preset=&#8221;default&#8221; width=&#8221;40%&#8221; width_tablet=&#8221;80%&#8221; width_phone=&#8221;80%&#8221; width_last_edited=&#8221;on|phone&#8221; global_colors_info=&#8221;{}&#8221;][et_pb_column type=&#8221;4_4&#8243; _builder_version=&#8221;4.18.0&#8243; _module_preset=&#8221;default&#8221; global_colors_info=&#8221;{}&#8221;][et_pb_text _builder_version=&#8221;4.18.0&#8243; _module_preset=&#8221;default&#8221; header_font=&#8221;Source Sans Pro Bold|||on|||||&#8221; header_text_align=&#8221;center&#8221; header_text_color=&#8221;gcid-214235be-8fad-4c26-b9be-b767816e574e&#8221; global_colors_info=&#8221;{%22gcid-214235be-8fad-4c26-b9be-b767816e574e%22:%91%22header_text_color%22%93}&#8221;]<\/p>\n<h1>Work With Us<\/h1>\n<p>[\/et_pb_text][et_pb_text _builder_version=&#8221;4.18.0&#8243; _module_preset=&#8221;default&#8221; text_font_size=&#8221;18px&#8221; text_orientation=&#8221;center&#8221; custom_margin=&#8221;||60px||false|false&#8221; global_colors_info=&#8221;{}&#8221;]<\/p>\n<p>If you liked our work, are passionate about the animation universe, are looking for creative projects, like to work as a team and are not afraid to innovate, we want to meet you!<\/p>\n<p>Fill out the form below and we&#8217;ll be in touch as soon as a project comes along that aligns with your passion and experience.<\/p>\n<p>[\/et_pb_text][et_pb_contact_form captcha=&#8221;off&#8221; email=&#8221;hello@ilustrograma.com.br&#8221; custom_message=&#8221;Mensagem enviada pelo site do Ilustrograma:||et_pb_line_break_holder||||et_pb_line_break_holder||Nome: %%Nome%%||et_pb_line_break_holder||Email: %%Email%%||et_pb_line_break_holder||Telefone: %%Telefone%%||et_pb_line_break_holder||Pretens\u00e3o Salarial: %%pretensao_salarial%%||et_pb_line_break_holder||Link do Portf\u00f3lio: %%link_do_portfolio%%||et_pb_line_break_holder||Cidade: %%Cidade%%||et_pb_line_break_holder||Estado: %%Estado%%||et_pb_line_break_holder||Interesse: %%Interesse%% ||et_pb_line_break_holder||Fale sobre voc\u00ea: %%Mensagem%%||et_pb_line_break_holder||&#8221; success_message=&#8221;You message has been sent. Thank You!&#8221; submit_button_text=&#8221;Send&#8221; module_class=&#8221;form-contato&#8221; _builder_version=&#8221;4.18.0&#8243; _module_preset=&#8221;default&#8221; _unique_id=&#8221;82a83a15-4f4e-46bb-9682-2b6bd1c3cc3b&#8221; form_field_background_color=&#8221;gcid-de68adf2-b18b-40f3-bd03-707f67fcee58&#8243; form_field_font=&#8221;Source Sans Pro Regular||||||||&#8221; form_field_font_size=&#8221;16px&#8221; custom_button=&#8221;on&#8221; button_text_color=&#8221;gcid-051e19a6-f115-4663-8371-1b578fbfe0dd&#8221; button_border_width=&#8221;2px&#8221; button_border_color=&#8221;gcid-051e19a6-f115-4663-8371-1b578fbfe0dd&#8221; button_border_radius=&#8221;100px&#8221; button_font=&#8221;Source Sans Pro SemiBold|||on|||||&#8221; button_use_icon=&#8221;off&#8221; hover_enabled=&#8221;0&#8243; button_text_color_last_edited=&#8221;off|desktop&#8221; border_radii=&#8221;on|100px|100px|100px|100px&#8221; global_colors_info=&#8221;{%22gcid-de68adf2-b18b-40f3-bd03-707f67fcee58%22:%91%22form_field_background_color%22%93,%22gcid-051e19a6-f115-4663-8371-1b578fbfe0dd%22:%91%22button_text_color%22,%22button_bg_color__hover%22,%22button_border_color%22,%22button_border_color__hover%22%93}&#8221; button_bg_color__hover_enabled=&#8221;on|desktop&#8221; button_bg_color__hover=&#8221;#cc3333&#8243; button_bg_enable_color__hover=&#8221;on&#8221; button_border_color__hover_enabled=&#8221;on|desktop&#8221; button_border_color__hover=&#8221;#cc3333&#8243; button_text_color__hover_enabled=&#8221;on|hover&#8221; button_text_color__hover=&#8221;#FFFFFF&#8221; sticky_enabled=&#8221;0&#8243;][et_pb_contact_field field_id=&#8221;Nome&#8221; field_title=&#8221;Name&#8221; fullwidth_field=&#8221;on&#8221; _builder_version=&#8221;4.18.0&#8243; hover_enabled=&#8221;0&#8243; global_colors_info=&#8221;{}&#8221; button_text_size__hover_enabled=&#8221;off&#8221; button_one_text_size__hover_enabled=&#8221;off&#8221; button_two_text_size__hover_enabled=&#8221;off&#8221; button_text_color__hover_enabled=&#8221;off&#8221; button_one_text_color__hover_enabled=&#8221;off&#8221; button_two_text_color__hover_enabled=&#8221;off&#8221; button_border_width__hover_enabled=&#8221;off&#8221; button_one_border_width__hover_enabled=&#8221;off&#8221; button_two_border_width__hover_enabled=&#8221;off&#8221; button_border_color__hover_enabled=&#8221;off&#8221; button_one_border_color__hover_enabled=&#8221;off&#8221; button_two_border_color__hover_enabled=&#8221;off&#8221; button_border_radius__hover_enabled=&#8221;off&#8221; button_one_border_radius__hover_enabled=&#8221;off&#8221; button_two_border_radius__hover_enabled=&#8221;off&#8221; button_letter_spacing__hover_enabled=&#8221;off&#8221; button_one_letter_spacing__hover_enabled=&#8221;off&#8221; button_two_letter_spacing__hover_enabled=&#8221;off&#8221; button_bg_color__hover_enabled=&#8221;off&#8221; button_one_bg_color__hover_enabled=&#8221;off&#8221; button_two_bg_color__hover_enabled=&#8221;off&#8221; sticky_enabled=&#8221;0&#8243;][\/et_pb_contact_field][et_pb_contact_field field_id=&#8221;Email&#8221; field_title=&#8221;Email&#8221; field_type=&#8221;email&#8221; _builder_version=&#8221;4.18.0&#8243; custom_css_main_element=&#8221; width: 60% !important;||  float:left !important;&#8221; global_colors_info=&#8221;{}&#8221; button_text_size__hover_enabled=&#8221;off&#8221; button_one_text_size__hover_enabled=&#8221;off&#8221; button_two_text_size__hover_enabled=&#8221;off&#8221; button_text_color__hover_enabled=&#8221;off&#8221; button_one_text_color__hover_enabled=&#8221;off&#8221; button_two_text_color__hover_enabled=&#8221;off&#8221; button_border_width__hover_enabled=&#8221;off&#8221; button_one_border_width__hover_enabled=&#8221;off&#8221; button_two_border_width__hover_enabled=&#8221;off&#8221; button_border_color__hover_enabled=&#8221;off&#8221; button_one_border_color__hover_enabled=&#8221;off&#8221; button_two_border_color__hover_enabled=&#8221;off&#8221; button_border_radius__hover_enabled=&#8221;off&#8221; button_one_border_radius__hover_enabled=&#8221;off&#8221; button_two_border_radius__hover_enabled=&#8221;off&#8221; button_letter_spacing__hover_enabled=&#8221;off&#8221; button_one_letter_spacing__hover_enabled=&#8221;off&#8221; button_two_letter_spacing__hover_enabled=&#8221;off&#8221; button_bg_color__hover_enabled=&#8221;off&#8221; button_one_bg_color__hover_enabled=&#8221;off&#8221; button_two_bg_color__hover_enabled=&#8221;off&#8221;][\/et_pb_contact_field][et_pb_contact_field field_id=&#8221;Telefone&#8221; field_title=&#8221;Phone&#8221; _builder_version=&#8221;4.18.0&#8243; hover_enabled=&#8221;0&#8243; custom_css_main_element=&#8221; width: 40% !important;||  float:left !important;&#8221; global_colors_info=&#8221;{}&#8221; button_text_size__hover_enabled=&#8221;off&#8221; button_one_text_size__hover_enabled=&#8221;off&#8221; button_two_text_size__hover_enabled=&#8221;off&#8221; button_text_color__hover_enabled=&#8221;off&#8221; button_one_text_color__hover_enabled=&#8221;off&#8221; button_two_text_color__hover_enabled=&#8221;off&#8221; button_border_width__hover_enabled=&#8221;off&#8221; button_one_border_width__hover_enabled=&#8221;off&#8221; button_two_border_width__hover_enabled=&#8221;off&#8221; button_border_color__hover_enabled=&#8221;off&#8221; button_one_border_color__hover_enabled=&#8221;off&#8221; button_two_border_color__hover_enabled=&#8221;off&#8221; button_border_radius__hover_enabled=&#8221;off&#8221; button_one_border_radius__hover_enabled=&#8221;off&#8221; button_two_border_radius__hover_enabled=&#8221;off&#8221; button_letter_spacing__hover_enabled=&#8221;off&#8221; button_one_letter_spacing__hover_enabled=&#8221;off&#8221; button_two_letter_spacing__hover_enabled=&#8221;off&#8221; button_bg_color__hover_enabled=&#8221;off&#8221; button_one_bg_color__hover_enabled=&#8221;off&#8221; button_two_bg_color__hover_enabled=&#8221;off&#8221; sticky_enabled=&#8221;0&#8243;][\/et_pb_contact_field][et_pb_contact_field field_id=&#8221;link_do_portfolio&#8221; field_title=&#8221;Portfolio Link&#8221; fullwidth_field=&#8221;on&#8221; _builder_version=&#8221;4.18.0&#8243; _module_preset=&#8221;default&#8221; hover_enabled=&#8221;0&#8243; global_colors_info=&#8221;{}&#8221; sticky_enabled=&#8221;0&#8243;][\/et_pb_contact_field][et_pb_contact_field field_id=&#8221;Cidade&#8221; field_title=&#8221;City&#8221; _builder_version=&#8221;4.18.0&#8243; _module_preset=&#8221;default&#8221; hover_enabled=&#8221;0&#8243; custom_css_main_element=&#8221; width: 60% !important;||  float:left !important;&#8221; global_colors_info=&#8221;{}&#8221; sticky_enabled=&#8221;0&#8243;][\/et_pb_contact_field][et_pb_contact_field field_id=&#8221;Estado&#8221; field_title=&#8221;State&#8221; _builder_version=&#8221;4.18.0&#8243; _module_preset=&#8221;default&#8221; hover_enabled=&#8221;0&#8243; custom_css_main_element=&#8221; width: 40% !important;||  float:left !important;&#8221; global_colors_info=&#8221;{}&#8221; sticky_enabled=&#8221;0&#8243;][\/et_pb_contact_field][et_pb_contact_field field_id=&#8221;Mensagem&#8221; field_title=&#8221;Talk about you&#8230;&#8221; field_type=&#8221;text&#8221; fullwidth_field=&#8221;on&#8221; _builder_version=&#8221;4.18.0&#8243; hover_enabled=&#8221;0&#8243; global_colors_info=&#8221;{}&#8221; button_text_size__hover_enabled=&#8221;off&#8221; button_one_text_size__hover_enabled=&#8221;off&#8221; button_two_text_size__hover_enabled=&#8221;off&#8221; button_text_color__hover_enabled=&#8221;off&#8221; button_one_text_color__hover_enabled=&#8221;off&#8221; button_two_text_color__hover_enabled=&#8221;off&#8221; button_border_width__hover_enabled=&#8221;off&#8221; button_one_border_width__hover_enabled=&#8221;off&#8221; button_two_border_width__hover_enabled=&#8221;off&#8221; button_border_color__hover_enabled=&#8221;off&#8221; button_one_border_color__hover_enabled=&#8221;off&#8221; button_two_border_color__hover_enabled=&#8221;off&#8221; button_border_radius__hover_enabled=&#8221;off&#8221; button_one_border_radius__hover_enabled=&#8221;off&#8221; button_two_border_radius__hover_enabled=&#8221;off&#8221; button_letter_spacing__hover_enabled=&#8221;off&#8221; button_one_letter_spacing__hover_enabled=&#8221;off&#8221; button_two_letter_spacing__hover_enabled=&#8221;off&#8221; button_bg_color__hover_enabled=&#8221;off&#8221; button_one_bg_color__hover_enabled=&#8221;off&#8221; button_two_bg_color__hover_enabled=&#8221;off&#8221; sticky_enabled=&#8221;0&#8243;][\/et_pb_contact_field][et_pb_contact_field field_id=&#8221;Interesse&#8221; field_title=&#8221;Interest&#8221; field_type=&#8221;select&#8221; select_options=&#8221;%91{%22value%22:%22Internship%22,%22checked%22:0,%22dragID%22:-1},{%22value%22:%22Effective%22,%22checked%22:0,%22dragID%22:0},{%22value%22:%22Freelancer%22,%22checked%22:0,%22dragID%22:1}%93&#8243; fullwidth_field=&#8221;on&#8221; _builder_version=&#8221;4.18.0&#8243; _module_preset=&#8221;default&#8221; hover_enabled=&#8221;0&#8243; global_colors_info=&#8221;{}&#8221; sticky_enabled=&#8221;0&#8243;][\/et_pb_contact_field][\/et_pb_contact_form][\/et_pb_column][\/et_pb_row][\/et_pb_section]<\/p>\n","protected":false},"excerpt":{"rendered":"<p>Work With UsIf you liked our work, are passionate about the animation universe, are looking for creative projects, like to work as a team and are not afraid to innovate, we want to meet you! Fill out the form below and we&#8217;ll be in touch as soon as a project comes along that aligns with [&hellip;]<\/p>\n","protected":false},"author":1,"featured_media":0,"parent":0,"menu_order":0,"comment_status":"closed","ping_status":"closed","template":"","meta":{"_acf_changed":false,"_et_pb_use_builder":"on","_et_pb_old_content":"","_et_gb_content_width":"","footnotes":""},"class_list":["post-237104","page","type-page","status-publish","hentry"],"acf":[],"yoast_head":"<!-- This site is optimized with the Yoast SEO plugin v27.4 - https:\/\/yoast.com\/product\/yoast-seo-wordpress\/ -->\n<title>Work With Us - Ilustrograma Est\u00fadio de Anima\u00e7\u00e3o<\/title>\n<meta name=\"robots\" content=\"index, follow, max-snippet:-1, max-image-preview:large, max-video-preview:-1\" \/>\n<link rel=\"canonical\" href=\"https:\/\/www.ilustrograma.com.br\/en\/work-with-us\/\" \/>\n<meta property=\"og:locale\" content=\"en_US\" \/>\n<meta property=\"og:type\" content=\"article\" \/>\n<meta property=\"og:title\" content=\"Work With Us - Ilustrograma Est\u00fadio de Anima\u00e7\u00e3o\" \/>\n<meta property=\"og:description\" content=\"Work With UsIf you liked our work, are passionate about the animation universe, are looking for creative projects, like to work as a team and are not afraid to innovate, we want to meet you! Fill out the form below and we&#039;ll be in touch as soon as a project comes along that aligns with [&hellip;]\" \/>\n<meta property=\"og:site_name\" content=\"Ilustrograma Est\u00fadio de Anima\u00e7\u00e3o\" \/>\n<meta property=\"article:modified_time\" content=\"2022-11-07T15:45:24+00:00\" \/>\n<meta name=\"twitter:card\" content=\"summary_large_image\" \/>\n<meta name=\"twitter:label1\" content=\"Est. reading time\" \/>\n\t<meta name=\"twitter:data1\" content=\"7 minutes\" \/>\n<script type=\"application\/ld+json\" class=\"yoast-schema-graph\">{\"@context\":\"https:\\\/\\\/schema.org\",\"@graph\":[{\"@type\":\"WebPage\",\"@id\":\"https:\\\/\\\/www.ilustrograma.com.br\\\/en\\\/work-with-us\\\/\",\"url\":\"https:\\\/\\\/www.ilustrograma.com.br\\\/en\\\/work-with-us\\\/\",\"name\":\"Work With Us - Ilustrograma Est\u00fadio de Anima\u00e7\u00e3o\",\"isPartOf\":{\"@id\":\"https:\\\/\\\/www.ilustrograma.com.br\\\/#website\"},\"datePublished\":\"2022-09-22T19:57:16+00:00\",\"dateModified\":\"2022-11-07T15:45:24+00:00\",\"breadcrumb\":{\"@id\":\"https:\\\/\\\/www.ilustrograma.com.br\\\/en\\\/work-with-us\\\/#breadcrumb\"},\"inLanguage\":\"en-US\",\"potentialAction\":[{\"@type\":\"ReadAction\",\"target\":[\"https:\\\/\\\/www.ilustrograma.com.br\\\/en\\\/work-with-us\\\/\"]}]},{\"@type\":\"BreadcrumbList\",\"@id\":\"https:\\\/\\\/www.ilustrograma.com.br\\\/en\\\/work-with-us\\\/#breadcrumb\",\"itemListElement\":[{\"@type\":\"ListItem\",\"position\":1,\"name\":\"In\u00edcio\",\"item\":\"https:\\\/\\\/www.ilustrograma.com.br\\\/en\\\/home\\\/\"},{\"@type\":\"ListItem\",\"position\":2,\"name\":\"Work With Us\"}]},{\"@type\":\"WebSite\",\"@id\":\"https:\\\/\\\/www.ilustrograma.com.br\\\/#website\",\"url\":\"https:\\\/\\\/www.ilustrograma.com.br\\\/\",\"name\":\"Ilustrograma Est\u00fadio de Anima\u00e7\u00e3o\",\"description\":\"Est&uacute;dio de Anima&ccedil;&atilde;o\",\"potentialAction\":[{\"@type\":\"SearchAction\",\"target\":{\"@type\":\"EntryPoint\",\"urlTemplate\":\"https:\\\/\\\/www.ilustrograma.com.br\\\/?s={search_term_string}\"},\"query-input\":{\"@type\":\"PropertyValueSpecification\",\"valueRequired\":true,\"valueName\":\"search_term_string\"}}],\"inLanguage\":\"en-US\"}]}<\/script>\n<!-- \/ Yoast SEO plugin. -->","yoast_head_json":{"title":"Work With Us - Ilustrograma Est\u00fadio de Anima\u00e7\u00e3o","robots":{"index":"index","follow":"follow","max-snippet":"max-snippet:-1","max-image-preview":"max-image-preview:large","max-video-preview":"max-video-preview:-1"},"canonical":"https:\/\/www.ilustrograma.com.br\/en\/work-with-us\/","og_locale":"en_US","og_type":"article","og_title":"Work With Us - Ilustrograma Est\u00fadio de Anima\u00e7\u00e3o","og_description":"Work With UsIf you liked our work, are passionate about the animation universe, are looking for creative projects, like to work as a team and are not afraid to innovate, we want to meet you! Fill out the form below and we'll be in touch as soon as a project comes along that aligns with [&hellip;]","og_site_name":"Ilustrograma Est\u00fadio de Anima\u00e7\u00e3o","article_modified_time":"2022-11-07T15:45:24+00:00","twitter_card":"summary_large_image","twitter_misc":{"Est. reading time":"7 minutes"},"schema":{"@context":"https:\/\/schema.org","@graph":[{"@type":"WebPage","@id":"https:\/\/www.ilustrograma.com.br\/en\/work-with-us\/","url":"https:\/\/www.ilustrograma.com.br\/en\/work-with-us\/","name":"Work With Us - Ilustrograma Est\u00fadio de Anima\u00e7\u00e3o","isPartOf":{"@id":"https:\/\/www.ilustrograma.com.br\/#website"},"datePublished":"2022-09-22T19:57:16+00:00","dateModified":"2022-11-07T15:45:24+00:00","breadcrumb":{"@id":"https:\/\/www.ilustrograma.com.br\/en\/work-with-us\/#breadcrumb"},"inLanguage":"en-US","potentialAction":[{"@type":"ReadAction","target":["https:\/\/www.ilustrograma.com.br\/en\/work-with-us\/"]}]},{"@type":"BreadcrumbList","@id":"https:\/\/www.ilustrograma.com.br\/en\/work-with-us\/#breadcrumb","itemListElement":[{"@type":"ListItem","position":1,"name":"In\u00edcio","item":"https:\/\/www.ilustrograma.com.br\/en\/home\/"},{"@type":"ListItem","position":2,"name":"Work With Us"}]},{"@type":"WebSite","@id":"https:\/\/www.ilustrograma.com.br\/#website","url":"https:\/\/www.ilustrograma.com.br\/","name":"Ilustrograma Est\u00fadio de Anima\u00e7\u00e3o","description":"Est&uacute;dio de Anima&ccedil;&atilde;o","potentialAction":[{"@type":"SearchAction","target":{"@type":"EntryPoint","urlTemplate":"https:\/\/www.ilustrograma.com.br\/?s={search_term_string}"},"query-input":{"@type":"PropertyValueSpecification","valueRequired":true,"valueName":"search_term_string"}}],"inLanguage":"en-US"}]}},"_links":{"self":[{"href":"https:\/\/www.ilustrograma.com.br\/en\/wp-json\/wp\/v2\/pages\/237104","targetHints":{"allow":["GET"]}}],"collection":[{"href":"https:\/\/www.ilustrograma.com.br\/en\/wp-json\/wp\/v2\/pages"}],"about":[{"href":"https:\/\/www.ilustrograma.com.br\/en\/wp-json\/wp\/v2\/types\/page"}],"author":[{"embeddable":true,"href":"https:\/\/www.ilustrograma.com.br\/en\/wp-json\/wp\/v2\/users\/1"}],"replies":[{"embeddable":true,"href":"https:\/\/www.ilustrograma.com.br\/en\/wp-json\/wp\/v2\/comments?post=237104"}],"version-history":[{"count":13,"href":"https:\/\/www.ilustrograma.com.br\/en\/wp-json\/wp\/v2\/pages\/237104\/revisions"}],"predecessor-version":[{"id":237351,"href":"https:\/\/www.ilustrograma.com.br\/en\/wp-json\/wp\/v2\/pages\/237104\/revisions\/237351"}],"wp:attachment":[{"href":"https:\/\/www.ilustrograma.com.br\/en\/wp-json\/wp\/v2\/media?parent=237104"}],"curies":[{"name":"wp","href":"https:\/\/api.w.org\/{rel}","templated":true}]}}