{"id":237103,"date":"2022-09-22T19:56:31","date_gmt":"2022-09-22T19:56:31","guid":{"rendered":"https:\/\/agenciaconver.com.br\/ilustrograma\/who-we-are\/"},"modified":"2022-12-07T19:29:22","modified_gmt":"2022-12-07T19:29:22","slug":"who-we-are","status":"publish","type":"page","link":"https:\/\/www.ilustrograma.com.br\/en\/who-we-are\/","title":{"rendered":"Who We Are"},"content":{"rendered":"<p>[et_pb_section fb_built=&#8221;1&#8243; _builder_version=&#8221;4.18.0&#8243; _module_preset=&#8221;default&#8221; background_image=&#8221;https:\/\/ilustrograma.com.br\/wp-content\/uploads\/2022\/09\/bg-quem-somos.jpg&#8221; custom_padding=&#8221;198px||198px||true|false&#8221; global_colors_info=&#8221;{}&#8221;][et_pb_row custom_padding_last_edited=&#8221;on|phone&#8221; _builder_version=&#8221;4.18.0&#8243; _module_preset=&#8221;default&#8221; custom_padding=&#8221;0px|10vw||35vw|false|false&#8221; custom_padding_tablet=&#8221;0px|10vw||35vw|false|false&#8221; custom_padding_phone=&#8221;|1vw||1vw|false|true&#8221; global_colors_info=&#8221;{}&#8221;][et_pb_column type=&#8221;4_4&#8243; _builder_version=&#8221;4.18.0&#8243; _module_preset=&#8221;default&#8221; global_colors_info=&#8221;{}&#8221;][et_pb_text _builder_version=&#8221;4.19.0&#8243; _module_preset=&#8221;default&#8221; header_font=&#8221;Source Sans Pro Bold|||on|||||&#8221; header_text_color=&#8221;#FFFFFF&#8221; hover_enabled=&#8221;0&#8243; header_text_align_tablet=&#8221;&#8221; header_text_align_phone=&#8221;center&#8221; header_text_align_last_edited=&#8221;on|phone&#8221; global_colors_info=&#8221;{}&#8221; sticky_enabled=&#8221;0&#8243;]<\/p>\n<h1>About<\/h1>\n<p>[\/et_pb_text][et_pb_text _builder_version=&#8221;4.18.0&#8243; _module_preset=&#8221;default&#8221; text_text_color=&#8221;#FFFFFF&#8221; text_font_size=&#8221;18px&#8221; custom_margin=&#8221;||30px||false|false&#8221; hover_enabled=&#8221;0&#8243; text_orientation_tablet=&#8221;&#8221; text_orientation_phone=&#8221;center&#8221; text_orientation_last_edited=&#8221;on|phone&#8221; global_colors_info=&#8221;{}&#8221; sticky_enabled=&#8221;0&#8243;]<\/p>\n<p>We are a 2D animation and illustration studio with over 10 years of experience. With creativity, innovation and storytelling, we create 2D animations of excellence and originality that will delight and surprise you and your client. <\/p>\n<p>We\u2019re not afraid to experiment \u2013 the more creative the project, the bigger the challenge and the more excited we get. To deliver animation that goes beyond what you dreamed of, we have a team full of talents working together, from storyboarding to finishing the video. <\/p>\n<p>[\/et_pb_text][et_pb_button button_url=&#8221;@ET-DC@eyJkeW5hbWljIjp0cnVlLCJjb250ZW50IjoicG9zdF9saW5rX3VybF9wYWdlIiwic2V0dGluZ3MiOnsicG9zdF9pZCI6IjMyIn19@&#8221; button_text=&#8221;Make a Quote&#8221; button_alignment=&#8221;left&#8221; button_alignment_tablet=&#8221;left&#8221; button_alignment_phone=&#8221;center&#8221; button_alignment_last_edited=&#8221;on|phone&#8221; _builder_version=&#8221;4.18.0&#8243; _dynamic_attributes=&#8221;button_url&#8221; _module_preset=&#8221;default&#8221; custom_button=&#8221;on&#8221; button_text_size=&#8221;16px&#8221; button_border_width=&#8221;2px&#8221; button_border_color=&#8221;#FFFFFF&#8221; button_border_radius=&#8221;100px&#8221; button_font=&#8221;Source Sans Pro Bold|||on|||||&#8221; button_use_icon=&#8221;off&#8221; background_layout=&#8221;dark&#8221; custom_padding=&#8221;|50px||50px|false|true&#8221; global_colors_info=&#8221;{%22gcid-051e19a6-f115-4663-8371-1b578fbfe0dd%22:%91%22button_bg_color__hover%22,%22button_border_color__hover%22%93}&#8221; button_bg_color__hover_enabled=&#8221;on|desktop&#8221; button_bg_color__hover=&#8221;#cc3333&#8243; button_bg_enable_color__hover=&#8221;on&#8221; button_border_color__hover_enabled=&#8221;on|desktop&#8221; button_border_color__hover=&#8221;#cc3333&#8243;][\/et_pb_button][\/et_pb_column][\/et_pb_row][\/et_pb_section][et_pb_section fb_built=&#8221;1&#8243; _builder_version=&#8221;4.18.0&#8243; _module_preset=&#8221;default&#8221; background_color=&#8221;#FFFFFF&#8221; custom_padding=&#8221;100px||100px|||&#8221; global_colors_info=&#8221;{}&#8221;][et_pb_row _builder_version=&#8221;4.18.0&#8243; _module_preset=&#8221;default&#8221; custom_padding=&#8221;||80px|||&#8221; global_colors_info=&#8221;{}&#8221;][et_pb_column type=&#8221;4_4&#8243; _builder_version=&#8221;4.18.0&#8243; _module_preset=&#8221;default&#8221; global_colors_info=&#8221;{}&#8221;][et_pb_text _builder_version=&#8221;4.18.0&#8243; _module_preset=&#8221;default&#8221; header_2_text_align=&#8221;center&#8221; header_2_font_size=&#8221;30px&#8221; custom_margin=&#8221;||10px||false|false&#8221; global_colors_info=&#8221;{}&#8221;]<\/p>\n<h2>OUR TEAM<\/h2>\n<p>[\/et_pb_text][\/et_pb_column][\/et_pb_row][et_pb_row column_structure=&#8221;1_2,1_2&#8243; use_custom_gutter=&#8221;on&#8221; gutter_width=&#8221;4&#8243; _builder_version=&#8221;4.18.0&#8243; _module_preset=&#8221;default&#8221; width=&#8221;70%&#8221; global_colors_info=&#8221;{}&#8221;][et_pb_column type=&#8221;1_2&#8243; _builder_version=&#8221;4.18.0&#8243; _module_preset=&#8221;default&#8221; custom_padding=&#8221;|6vw|||false|false&#8221; custom_padding_tablet=&#8221;|6vw|||false|false&#8221; custom_padding_phone=&#8221;|6vw|||false|false&#8221; custom_padding_last_edited=&#8221;on|desktop&#8221; global_colors_info=&#8221;{}&#8221;][et_pb_blurb title=&#8221;Henrique Neumann&#8221; image=&#8221;https:\/\/ilustrograma.com.br\/wp-content\/uploads\/2022\/11\/henrique.jpg&#8221; alt=&#8221;Henrique Neumann&#8221; image_icon_width=&#8221;220px&#8221; icon_alignment=&#8221;left&#8221; icon_alignment_tablet=&#8221;center&#8221; icon_alignment_phone=&#8221;center&#8221; icon_alignment_last_edited=&#8221;on|tablet&#8221; _builder_version=&#8221;4.18.0&#8243; _module_preset=&#8221;default&#8221; header_level=&#8221;h3&#8243; header_font=&#8221;Source Sans Pro Bold||||||||&#8221; header_text_color=&#8221;gcid-214235be-8fad-4c26-b9be-b767816e574e&#8221; header_font_size=&#8221;25px&#8221; animation=&#8221;off&#8221; header_text_align_tablet=&#8221;center&#8221; header_text_align_phone=&#8221;center&#8221; header_text_align_last_edited=&#8221;on|tablet&#8221; body_text_align_tablet=&#8221;center&#8221; body_text_align_phone=&#8221;center&#8221; body_text_align_last_edited=&#8221;on|tablet&#8221; custom_css_blurb_title=&#8221;margin-bottom:0px!important;&#8221; border_width_all_image=&#8221;1px&#8221; global_colors_info=&#8221;{%22gcid-214235be-8fad-4c26-b9be-b767816e574e%22:%91%22header_text_color%22%93}&#8221;]<\/p>\n<p><span style=\"font-size: 20px;\">Creative Director<\/span><\/p>\n<p>Animator and illustrator for over 20 years, he is self-taught and has been drawing since he was a child. Graduated in Graphic Arts from UTFPR, he also studied Engraving at the School of Fine Arts. He is passionate about music and animation and is always looking for projects where the challenge can boost creativity, meeting the client\u2019s objective.  <\/p>\n<p>[\/et_pb_blurb][\/et_pb_column][et_pb_column type=&#8221;1_2&#8243; _builder_version=&#8221;4.18.0&#8243; _module_preset=&#8221;default&#8221; custom_padding=&#8221;|6vw|||false|false&#8221; custom_padding_tablet=&#8221;|6vw|||false|false&#8221; custom_padding_phone=&#8221;|6vw|||false|false&#8221; custom_padding_last_edited=&#8221;on|desktop&#8221; global_colors_info=&#8221;{}&#8221;][et_pb_blurb title=&#8221;Marina Zucchi&#8221; image=&#8221;https:\/\/ilustrograma.com.br\/wp-content\/uploads\/2022\/11\/marina.jpg&#8221; alt=&#8221;Marina Zucchi&#8221; image_icon_width=&#8221;220px&#8221; icon_alignment=&#8221;left&#8221; icon_alignment_tablet=&#8221;center&#8221; icon_alignment_phone=&#8221;center&#8221; icon_alignment_last_edited=&#8221;on|tablet&#8221; _builder_version=&#8221;4.18.0&#8243; _module_preset=&#8221;default&#8221; header_level=&#8221;h3&#8243; header_font=&#8221;Source Sans Pro Bold||||||||&#8221; header_text_color=&#8221;gcid-214235be-8fad-4c26-b9be-b767816e574e&#8221; header_font_size=&#8221;25px&#8221; animation=&#8221;off&#8221; header_text_align_tablet=&#8221;center&#8221; header_text_align_phone=&#8221;center&#8221; header_text_align_last_edited=&#8221;on|tablet&#8221; body_text_align_tablet=&#8221;center&#8221; body_text_align_phone=&#8221;center&#8221; body_text_align_last_edited=&#8221;on|tablet&#8221; custom_css_blurb_title=&#8221;margin-bottom:0px!important;&#8221; border_width_all_image=&#8221;1px&#8221; global_colors_info=&#8221;{%22gcid-214235be-8fad-4c26-b9be-b767816e574e%22:%91%22header_text_color%22%93}&#8221;]<span style=\"font-size: 20px;\">Animator and Coordinator<\/span><\/p>\n<p>Designer and animator (focused on Motion Design) graduated from Unisul for over 10 years. She has been an essential part of Ilustrograma since 2020, also acting as project coordinator. Working with design and animation is what makes your days more inspiring and unique. She is the mother of two beautiful girls, loves to go for walks and renew her energies in nature and never refuses a nice piece of cake![\/et_pb_blurb][\/et_pb_column][\/et_pb_row][\/et_pb_section][et_pb_section fb_built=&#8221;1&#8243; admin_label=&#8221;CTA&#8221; _builder_version=&#8221;4.19.0&#8243; _module_preset=&#8221;default&#8221; background_image=&#8221;https:\/\/ilustrograma.com.br\/wp-content\/uploads\/2022\/11\/bg-cta-ilustrograma-2.jpg&#8221; parallax=&#8221;on&#8221; custom_padding=&#8221;100px||100px||true|false&#8221; background_last_edited=&#8221;on|phone&#8221; background_image_tablet=&#8221;https:\/\/ilustrograma.com.br\/wp-content\/uploads\/2022\/10\/bg-mobile-1.jpg&#8221; background_enable_image_tablet=&#8221;on&#8221; global_module=&#8221;158&#8243; saved_tabs=&#8221;all&#8221; global_colors_info=&#8221;{}&#8221;][et_pb_row make_equal=&#8221;on&#8221; _builder_version=&#8221;4.18.0&#8243; _module_preset=&#8221;default&#8221; custom_css_main_element=&#8221;align-items:center;&#8221; global_colors_info=&#8221;{}&#8221;][et_pb_column type=&#8221;4_4&#8243; _builder_version=&#8221;4.18.0&#8243; _module_preset=&#8221;default&#8221; global_colors_info=&#8221;{}&#8221;][et_pb_text _builder_version=&#8221;4.19.0&#8243; _module_preset=&#8221;default&#8221; text_font=&#8221;Source Sans Pro SemiBold||||||||&#8221; text_text_color=&#8221;gcid-b73d831f-a079-43b4-8e88-a2c6d97b8493&#8243; text_font_size=&#8221;22px&#8221; text_orientation=&#8221;center&#8221; hover_enabled=&#8221;0&#8243; global_colors_info=&#8221;{%22gcid-b73d831f-a079-43b4-8e88-a2c6d97b8493%22:%91%22text_text_color%22%93}&#8221; sticky_enabled=&#8221;0&#8243;]<\/p>\n<p><span>Turn your idea into an animation.<\/span><\/p>\n<p>[\/et_pb_text][et_pb_button button_url=&#8221;@ET-DC@eyJkeW5hbWljIjp0cnVlLCJjb250ZW50IjoicG9zdF9saW5rX3VybF9wYWdlIiwic2V0dGluZ3MiOnsicG9zdF9pZCI6IjMyIn19@&#8221; button_text=&#8221;Talk to Us&#8221; button_alignment=&#8221;center&#8221; _builder_version=&#8221;4.19.0&#8243; _dynamic_attributes=&#8221;button_url&#8221; _module_preset=&#8221;default&#8221; custom_button=&#8221;on&#8221; button_text_size=&#8221;15px&#8221; button_text_color=&#8221;#FFFFFF&#8221; button_bg_color=&#8221;gcid-c0d17ec7-2c8b-4b75-88ba-5c3e64f23882&#8243; button_border_width=&#8221;2px&#8221; button_border_color=&#8221;gcid-c0d17ec7-2c8b-4b75-88ba-5c3e64f23882&#8243; button_border_radius=&#8221;100px&#8221; button_font=&#8221;Source Sans Pro Bold|||on|||||&#8221; button_use_icon=&#8221;off&#8221; background_layout=&#8221;dark&#8221; custom_margin=&#8221;|12%||12%|false|true&#8221; custom_padding=&#8221;|50px||50px|false|true&#8221; locked=&#8221;off&#8221; global_colors_info=&#8221;{%22gcid-c0d17ec7-2c8b-4b75-88ba-5c3e64f23882%22:%91%22button_border_color%22,%22button_border_color__hover%22,%22button_bg_color__hover%22,%22button_bg_color%22%93}&#8221; button_bg_color__hover_enabled=&#8221;on|desktop&#8221; button_bg_color__hover=&#8221;#ff6633&#8243; button_bg_enable_color__hover=&#8221;on&#8221; button_border_color__hover_enabled=&#8221;on|desktop&#8221; button_border_color__hover=&#8221;#ff6633&#8243; button_text_color__hover_enabled=&#8221;on|hover&#8221; button_text_color__hover=&#8221;#FFFFFF&#8221; transform_styles__hover_enabled=&#8221;on|hover&#8221; transform_scale__hover_enabled=&#8221;on|hover&#8221; transform_translate__hover_enabled=&#8221;on|desktop&#8221; transform_rotate__hover_enabled=&#8221;on|desktop&#8221; transform_skew__hover_enabled=&#8221;on|desktop&#8221; transform_origin__hover_enabled=&#8221;on|desktop&#8221; transform_scale__hover=&#8221;105%|105%&#8221;][\/et_pb_button][\/et_pb_column][\/et_pb_row][\/et_pb_section]<\/p>\n","protected":false},"excerpt":{"rendered":"<p>AboutWe are a 2D animation and illustration studio with over 10 years of experience. With creativity, innovation and storytelling, we create 2D animations of excellence and originality that will delight and surprise you and your client. We\u2019re not afraid to experiment \u2013 the more creative the project, the bigger the challenge and the more excited [&hellip;]<\/p>\n","protected":false},"author":1,"featured_media":0,"parent":0,"menu_order":0,"comment_status":"closed","ping_status":"closed","template":"","meta":{"_acf_changed":false,"_et_pb_use_builder":"on","_et_pb_old_content":"","_et_gb_content_width":"","footnotes":""},"class_list":["post-237103","page","type-page","status-publish","hentry"],"acf":[],"yoast_head":"<!-- This site is optimized with the Yoast SEO plugin v27.4 - https:\/\/yoast.com\/product\/yoast-seo-wordpress\/ -->\n<title>Who We Are - Ilustrograma Est\u00fadio de Anima\u00e7\u00e3o<\/title>\n<meta name=\"robots\" content=\"index, follow, max-snippet:-1, max-image-preview:large, max-video-preview:-1\" \/>\n<link rel=\"canonical\" href=\"https:\/\/www.ilustrograma.com.br\/en\/who-we-are\/\" \/>\n<meta property=\"og:locale\" content=\"en_US\" \/>\n<meta property=\"og:type\" content=\"article\" \/>\n<meta property=\"og:title\" content=\"Who We Are - Ilustrograma Est\u00fadio de Anima\u00e7\u00e3o\" \/>\n<meta property=\"og:description\" content=\"AboutWe are a 2D animation and illustration studio with over 10 years of experience. With creativity, innovation and storytelling, we create 2D animations of excellence and originality that will delight and surprise you and your client. We\u2019re not afraid to experiment \u2013 the more creative the project, the bigger the challenge and the more excited [&hellip;]\" \/>\n<meta property=\"og:site_name\" content=\"Ilustrograma Est\u00fadio de Anima\u00e7\u00e3o\" \/>\n<meta property=\"article:modified_time\" content=\"2022-12-07T19:29:22+00:00\" \/>\n<meta name=\"twitter:card\" content=\"summary_large_image\" \/>\n<meta name=\"twitter:label1\" content=\"Est. reading time\" \/>\n\t<meta name=\"twitter:data1\" content=\"7 minutes\" \/>\n<script type=\"application\/ld+json\" class=\"yoast-schema-graph\">{\"@context\":\"https:\\\/\\\/schema.org\",\"@graph\":[{\"@type\":\"WebPage\",\"@id\":\"https:\\\/\\\/www.ilustrograma.com.br\\\/en\\\/who-we-are\\\/\",\"url\":\"https:\\\/\\\/www.ilustrograma.com.br\\\/en\\\/who-we-are\\\/\",\"name\":\"Who We Are - Ilustrograma Est\u00fadio de Anima\u00e7\u00e3o\",\"isPartOf\":{\"@id\":\"https:\\\/\\\/www.ilustrograma.com.br\\\/#website\"},\"datePublished\":\"2022-09-22T19:56:31+00:00\",\"dateModified\":\"2022-12-07T19:29:22+00:00\",\"breadcrumb\":{\"@id\":\"https:\\\/\\\/www.ilustrograma.com.br\\\/en\\\/who-we-are\\\/#breadcrumb\"},\"inLanguage\":\"en-US\",\"potentialAction\":[{\"@type\":\"ReadAction\",\"target\":[\"https:\\\/\\\/www.ilustrograma.com.br\\\/en\\\/who-we-are\\\/\"]}]},{\"@type\":\"BreadcrumbList\",\"@id\":\"https:\\\/\\\/www.ilustrograma.com.br\\\/en\\\/who-we-are\\\/#breadcrumb\",\"itemListElement\":[{\"@type\":\"ListItem\",\"position\":1,\"name\":\"In\u00edcio\",\"item\":\"https:\\\/\\\/www.ilustrograma.com.br\\\/en\\\/home\\\/\"},{\"@type\":\"ListItem\",\"position\":2,\"name\":\"Who We Are\"}]},{\"@type\":\"WebSite\",\"@id\":\"https:\\\/\\\/www.ilustrograma.com.br\\\/#website\",\"url\":\"https:\\\/\\\/www.ilustrograma.com.br\\\/\",\"name\":\"Ilustrograma Est\u00fadio de Anima\u00e7\u00e3o\",\"description\":\"Est&uacute;dio de Anima&ccedil;&atilde;o\",\"potentialAction\":[{\"@type\":\"SearchAction\",\"target\":{\"@type\":\"EntryPoint\",\"urlTemplate\":\"https:\\\/\\\/www.ilustrograma.com.br\\\/?s={search_term_string}\"},\"query-input\":{\"@type\":\"PropertyValueSpecification\",\"valueRequired\":true,\"valueName\":\"search_term_string\"}}],\"inLanguage\":\"en-US\"}]}<\/script>\n<!-- \/ Yoast SEO plugin. -->","yoast_head_json":{"title":"Who We Are - Ilustrograma Est\u00fadio de Anima\u00e7\u00e3o","robots":{"index":"index","follow":"follow","max-snippet":"max-snippet:-1","max-image-preview":"max-image-preview:large","max-video-preview":"max-video-preview:-1"},"canonical":"https:\/\/www.ilustrograma.com.br\/en\/who-we-are\/","og_locale":"en_US","og_type":"article","og_title":"Who We Are - Ilustrograma Est\u00fadio de Anima\u00e7\u00e3o","og_description":"AboutWe are a 2D animation and illustration studio with over 10 years of experience. With creativity, innovation and storytelling, we create 2D animations of excellence and originality that will delight and surprise you and your client. We\u2019re not afraid to experiment \u2013 the more creative the project, the bigger the challenge and the more excited [&hellip;]","og_site_name":"Ilustrograma Est\u00fadio de Anima\u00e7\u00e3o","article_modified_time":"2022-12-07T19:29:22+00:00","twitter_card":"summary_large_image","twitter_misc":{"Est. reading time":"7 minutes"},"schema":{"@context":"https:\/\/schema.org","@graph":[{"@type":"WebPage","@id":"https:\/\/www.ilustrograma.com.br\/en\/who-we-are\/","url":"https:\/\/www.ilustrograma.com.br\/en\/who-we-are\/","name":"Who We Are - Ilustrograma Est\u00fadio de Anima\u00e7\u00e3o","isPartOf":{"@id":"https:\/\/www.ilustrograma.com.br\/#website"},"datePublished":"2022-09-22T19:56:31+00:00","dateModified":"2022-12-07T19:29:22+00:00","breadcrumb":{"@id":"https:\/\/www.ilustrograma.com.br\/en\/who-we-are\/#breadcrumb"},"inLanguage":"en-US","potentialAction":[{"@type":"ReadAction","target":["https:\/\/www.ilustrograma.com.br\/en\/who-we-are\/"]}]},{"@type":"BreadcrumbList","@id":"https:\/\/www.ilustrograma.com.br\/en\/who-we-are\/#breadcrumb","itemListElement":[{"@type":"ListItem","position":1,"name":"In\u00edcio","item":"https:\/\/www.ilustrograma.com.br\/en\/home\/"},{"@type":"ListItem","position":2,"name":"Who We Are"}]},{"@type":"WebSite","@id":"https:\/\/www.ilustrograma.com.br\/#website","url":"https:\/\/www.ilustrograma.com.br\/","name":"Ilustrograma Est\u00fadio de Anima\u00e7\u00e3o","description":"Est&uacute;dio de Anima&ccedil;&atilde;o","potentialAction":[{"@type":"SearchAction","target":{"@type":"EntryPoint","urlTemplate":"https:\/\/www.ilustrograma.com.br\/?s={search_term_string}"},"query-input":{"@type":"PropertyValueSpecification","valueRequired":true,"valueName":"search_term_string"}}],"inLanguage":"en-US"}]}},"_links":{"self":[{"href":"https:\/\/www.ilustrograma.com.br\/en\/wp-json\/wp\/v2\/pages\/237103","targetHints":{"allow":["GET"]}}],"collection":[{"href":"https:\/\/www.ilustrograma.com.br\/en\/wp-json\/wp\/v2\/pages"}],"about":[{"href":"https:\/\/www.ilustrograma.com.br\/en\/wp-json\/wp\/v2\/types\/page"}],"author":[{"embeddable":true,"href":"https:\/\/www.ilustrograma.com.br\/en\/wp-json\/wp\/v2\/users\/1"}],"replies":[{"embeddable":true,"href":"https:\/\/www.ilustrograma.com.br\/en\/wp-json\/wp\/v2\/comments?post=237103"}],"version-history":[{"count":12,"href":"https:\/\/www.ilustrograma.com.br\/en\/wp-json\/wp\/v2\/pages\/237103\/revisions"}],"predecessor-version":[{"id":237607,"href":"https:\/\/www.ilustrograma.com.br\/en\/wp-json\/wp\/v2\/pages\/237103\/revisions\/237607"}],"wp:attachment":[{"href":"https:\/\/www.ilustrograma.com.br\/en\/wp-json\/wp\/v2\/media?parent=237103"}],"curies":[{"name":"wp","href":"https:\/\/api.w.org\/{rel}","templated":true}]}}